{"id":957,"date":"2022-09-16T00:10:11","date_gmt":"2022-09-16T00:10:11","guid":{"rendered":"https:\/\/ena-chile.cl\/curso-jefes-de-grupo\/?page_id=957"},"modified":"2022-09-20T01:15:27","modified_gmt":"2022-09-20T01:15:27","slug":"inicio2","status":"publish","type":"page","link":"https:\/\/ena-chile.cl\/curso-jefes-de-grupo\/","title":{"rendered":"INICIO2"},"content":{"rendered":"<style>\/*! elementor - v3.7.6 - 15-09-2022 *\/\n.elementor-widget-image-box .elementor-image-box-content{width:100%}@media (min-width:768px){.elementor-widget-image-box.elementor-position-left .elementor-image-box-wrapper,.elementor-widget-image-box.elementor-position-right .elementor-image-box-wrapper{display:-webkit-box;display:-ms-flexbox;display:flex}.elementor-widget-image-box.elementor-position-right .elementor-image-box-wrapper{text-align:right;-webkit-box-orient:horizontal;-webkit-box-direction:reverse;-ms-flex-direction:row-reverse;flex-direction:row-reverse}.elementor-widget-image-box.elementor-position-left .elementor-image-box-wrapper{text-align:left;-webkit-box-orient:horizontal;-webkit-box-direction:normal;-ms-flex-direction:row;flex-direction:row}.elementor-widget-image-box.elementor-position-top .elementor-image-box-img{margin:auto}.elementor-widget-image-box.elementor-vertical-align-top .elementor-image-box-wrapper{-webkit-box-align:start;-ms-flex-align:start;align-items:flex-start}.elementor-widget-image-box.elementor-vertical-align-middle .elementor-image-box-wrapper{-webkit-box-align:center;-ms-flex-align:center;align-items:center}.elementor-widget-image-box.elementor-vertical-align-bottom .elementor-image-box-wrapper{-webkit-box-align:end;-ms-flex-align:end;align-items:flex-end}}@media (max-width:767px){.elementor-widget-image-box .elementor-image-box-img{margin-left:auto!important;margin-right:auto!important;margin-bottom:15px}}.elementor-widget-image-box .elementor-image-box-img{display:inline-block}.elementor-widget-image-box .elementor-image-box-title a{color:inherit}.elementor-widget-image-box .elementor-image-box-wrapper{text-align:center}.elementor-widget-image-box .elementor-image-box-description{margin:0}<\/style>\n<figure><a href=\"https:\/\/ena-chile.cl\/curso-jefes-de-grupo\/m-1-administracion\/\"><img decoding=\"async\" width=\"640\" height=\"403\" src=\"https:\/\/ena-chile.cl\/curso-jefes-de-grupo\/wp-content\/uploads\/sites\/6\/2022\/08\/adm.jpg\" alt=\"\" loading=\"lazy\" \/><\/a><\/figure>\n<h3><a href=\"https:\/\/ena-chile.cl\/curso-jefes-de-grupo\/m-1-administracion\/\">M\u00f3dulo 1<br \/>ADMINISTRACI\u00d3N<\/a><\/h3>\n<p>Temas relacionados con la Administraci\u00f3n del  Grupo Scout.<\/p>\n<p>\t\t\t<a href=\"https:\/\/ena-chile.cl\/curso-jefes-de-grupo\/m-1-administracion\/\" target=\"_blank\" role=\"button\" rel=\"noopener\"><br \/>\n\t\t\t\t\t\tAcceder<br \/>\n\t\t\t\t\t<\/a><\/p>\n<figure><a href=\"https:\/\/ena-chile.cl\/curso-jefes-de-grupo\/modulo-metodo\/\"><img decoding=\"async\" width=\"640\" height=\"403\" src=\"https:\/\/ena-chile.cl\/curso-jefes-de-grupo\/wp-content\/uploads\/sites\/6\/2022\/08\/meto.jpg\" alt=\"\" loading=\"lazy\" \/><\/a><\/figure>\n<h3><a href=\"https:\/\/ena-chile.cl\/curso-jefes-de-grupo\/modulo-metodo\/\">M\u00f3dulo 2<br \/>M\u00c9TODO<\/a><\/h3>\n<p>Contenidos relativos a la aplicaci\u00f3n del M\u00e9todo en el Grupo.<\/p>\n<p>\t\t\t<a href=\"https:\/\/ena-chile.cl\/curso-jefes-de-grupo\/modulo-metodo\/\" target=\"_blank\" role=\"button\" rel=\"noopener\"><br \/>\n\t\t\t\t\t\tAcceder<br \/>\n\t\t\t\t\t<\/a><\/p>\n<figure><a href=\"https:\/\/ena-chile.cl\/curso-jefes-de-grupo\/modulo-institucionalidad\/\"><img decoding=\"async\" width=\"640\" height=\"403\" src=\"https:\/\/ena-chile.cl\/curso-jefes-de-grupo\/wp-content\/uploads\/sites\/6\/2022\/08\/insti.jpg\" alt=\"\" loading=\"lazy\" \/><\/a><\/figure>\n<h3><a href=\"https:\/\/ena-chile.cl\/curso-jefes-de-grupo\/modulo-institucionalidad\/\">M\u00f3dulo 3<br \/>INSTITUCIONAL<\/a><\/h3>\n<p>Normas reglamentarias que se deben respetar en el Grupo.<\/p>\n<p>\t\t\t<a href=\"https:\/\/ena-chile.cl\/curso-jefes-de-grupo\/modulo-institucionalidad\/\" role=\"button\"><br \/>\n\t\t\t\t\t\tAcceder<br \/>\n\t\t\t\t\t<\/a><br \/>\n\t\t\t<a href=\"https:\/\/ena-chile.cl\/curso-jefes-de-grupo\/equipo-de-direccion\/\" target=\"_blank\" role=\"button\" rel=\"noopener\"><br \/>\n\t\t\t\t\t\tCONOZCA AL EQUIPO DE DIRECCI\u00d3N<br \/>\n\t\t\t\t\t<\/a><\/p>\n","protected":false},"excerpt":{"rendered":"<p>M\u00f3dulo 1ADMINISTRACI\u00d3N Temas relacionados con la Administraci\u00f3n del Grupo Scout. Acceder M\u00f3dulo 2M\u00c9TODO Contenidos relativos a la aplicaci\u00f3n del M\u00e9todo en el Grupo. Acceder M\u00f3dulo 3INSTITUCIONAL Normas reglamentarias que se deben respetar en el Grupo. Acceder CONOZCA AL EQUIPO DE DIRECCI\u00d3N<\/p>\n","protected":false},"author":1,"featured_media":0,"parent":0,"menu_order":0,"comment_status":"closed","ping_status":"closed","template":"","meta":{"footnotes":""},"class_list":["post-957","page","type-page","status-publish","hentry"],"_links":{"self":[{"href":"https:\/\/ena-chile.cl\/curso-jefes-de-grupo\/wp-json\/wp\/v2\/pages\/957","targetHints":{"allow":["GET"]}}],"collection":[{"href":"https:\/\/ena-chile.cl\/curso-jefes-de-grupo\/wp-json\/wp\/v2\/pages"}],"about":[{"href":"https:\/\/ena-chile.cl\/curso-jefes-de-grupo\/wp-json\/wp\/v2\/types\/page"}],"author":[{"embeddable":true,"href":"https:\/\/ena-chile.cl\/curso-jefes-de-grupo\/wp-json\/wp\/v2\/users\/1"}],"replies":[{"embeddable":true,"href":"https:\/\/ena-chile.cl\/curso-jefes-de-grupo\/wp-json\/wp\/v2\/comments?post=957"}],"version-history":[{"count":34,"href":"https:\/\/ena-chile.cl\/curso-jefes-de-grupo\/wp-json\/wp\/v2\/pages\/957\/revisions"}],"predecessor-version":[{"id":1070,"href":"https:\/\/ena-chile.cl\/curso-jefes-de-grupo\/wp-json\/wp\/v2\/pages\/957\/revisions\/1070"}],"wp:attachment":[{"href":"https:\/\/ena-chile.cl\/curso-jefes-de-grupo\/wp-json\/wp\/v2\/media?parent=957"}],"curies":[{"name":"wp","href":"https:\/\/api.w.org\/{rel}","templated":true}]}}