{"id":7,"date":"2022-10-16T22:38:36","date_gmt":"2022-10-16T22:38:36","guid":{"rendered":"https:\/\/ena-chile.cl\/pc-hadita\/?page_id=7"},"modified":"2022-10-18T01:20:54","modified_gmt":"2022-10-18T01:20:54","slug":"inicio","status":"publish","type":"page","link":"https:\/\/ena-chile.cl\/pc-hadita\/","title":{"rendered":"Inicio"},"content":{"rendered":"<style>\/*! elementor - v3.7.8 - 02-10-2022 *\/\n.elementor-widget-image{text-align:center}.elementor-widget-image a{display:inline-block}.elementor-widget-image a img[src$=\".svg\"]{width:48px}.elementor-widget-image img{vertical-align:middle;display:inline-block}<\/style>\n<p>\t\t\t\t\t\t\t\t\t\t\t\t<img decoding=\"async\" src=\"https:\/\/ena-chile.cl\/curso-pre-certificado\/wp-content\/uploads\/sites\/5\/2022\/08\/CPC-2.jpg\" title=\"\" alt=\"\" \/>\t\t\t\t\t\t\t\t\t\t\t\t\t\t\t<\/p>\n<style>\/*! elementor - v3.7.8 - 02-10-2022 *\/\n.elementor-heading-title{padding:0;margin:0;line-height:1}.elementor-widget-heading .elementor-heading-title[class*=elementor-size-]>a{color:inherit;font-size:inherit;line-height:inherit}.elementor-widget-heading .elementor-heading-title.elementor-size-small{font-size:15px}.elementor-widget-heading .elementor-heading-title.elementor-size-medium{font-size:19px}.elementor-widget-heading .elementor-heading-title.elementor-size-large{font-size:29px}.elementor-widget-heading .elementor-heading-title.elementor-size-xl{font-size:39px}.elementor-widget-heading .elementor-heading-title.elementor-size-xxl{font-size:59px}<\/style>\n<h4>Gu\u00eda para Cursantes<\/h4>\n<p>Esta Gu\u00eda le ayudar\u00e1 en cuanto al <em><strong>acceso<\/strong><\/em> de los contenidos de cada tema.<\/p>\n<p>1.Encontrar\u00e1 <em><strong>Temas Sincr\u00f3nicos<\/strong><\/em>, los cuales requieren que usted acceda a las <em><strong>horas y fechas indicadas<\/strong><\/em> (todos a la vez, a la misma hora), en la programaci\u00f3n del Curso.<\/p>\n<p><strong>Definici\u00f3n<\/strong><br \/><strong>Sincr\u00f3nico<\/strong>: Temas que suceden al mismo tiempo, los participantes recibir\u00e1n la informaci\u00f3n inmediatamente. Ocurre una interacci\u00f3n entre expositor y cursante.<\/p>\n<p>2.Tambi\u00e9n encontrar\u00e1 <em><strong>Temas Asincr\u00f3nicos<\/strong><\/em>, modalidad en la cual usted puede acceder a revisar y estudiar los contenidos en cualquier momento,\u00a0<em style=\"color: #000000; font-family: var( --e-global-typography-text-font-family ), Sans-serif;\"><strong> en sus horas libres<\/strong><\/em>, dentro de las fechas que dura el Curso.<\/p>\n<p><strong>Definici\u00f3n<\/strong><br \/><strong>Asincr\u00f3nico<\/strong>: que no sucede al mismo tiempo, no hay interacci\u00f3n expositor y cursante. Los cursantes acceder\u00e1n a los materiales en horarios que dispongan, podr\u00e1n estudiar a su ritmo.<\/p>\n<p><strong>3.<\/strong><strong style=\"color: #000000; font-family: var( --e-global-typography-text-font-family ), Sans-serif;\">Haga clic<\/strong> en las <strong>flechas<\/strong> para acceder al contenido de cada tema o actividad.<\/p>\n<p>Cada tema, tiene modalidad y actividades diversas. Haga clic en cada m\u00f3dulo o bot\u00f3n para ingresar a cada actividad. Despu\u00e9s de interactuar, cierre cada p\u00e1gina espec\u00edfica.<\/p>\n<p>Para facilitar la comunicaci\u00f3n, encontrar\u00e1 en cada tema, la <em><strong>informaci\u00f3n<\/strong><\/em> de contacto del Instructor que le ayudar\u00e1 a disipar sus dudas <em><strong>en caso de ser\u00a0 necesario<\/strong><\/em>.<\/p>\n<p>\u00a0<br \/>\n\t\t\t<a href=\"https:\/\/ena-chile.cl\/curso-pre-certificado\/equipo-de-direccion-curso-pre-certificado-scout-guia\/\" target=\"_blank\" rel=\"noopener\"><br \/>\n\t\t\t\t\t\t<\/a><\/p>\n<h2><b>EQUIPO DE DIRECCI\u00d3N<\/b><\/h2>\n<p>Conozca a los Miembos del Equipo Nacional de Adiestramiento, responsables de la direcci\u00f3n del Curso Pre Certificado.<\/p>\n<h4>\u00a0<\/h4>\n<p>\u00a0<br \/>\n\t\t\t\t\t\t\t\t\t\t\t\t\t\t\t<img decoding=\"async\" src=\"https:\/\/ena-chile.cl\/wp-content\/uploads\/2021\/08\/WhatsApp-Image-2021-08-04-at-21.32.19.jpeg\" title=\"\" alt=\"\" \/>\t\t\t\t\t\t\t\t\t\t\t\t\t\t\t<\/p>\n<figure>\n\t\t\t\t\t\t\t\t\t\t<img decoding=\"async\" src=\"https:\/\/ena-chile.cl\/curso-pre-certificado\/wp-content\/uploads\/sites\/5\/2022\/10\/zoom-1.png\" title=\"\" alt=\"\" \/><figcaption>Reuni\u00f3n de Presentaci\u00f3n<\/figcaption><\/figure>\n<h2>Actividades semana 1<\/h2>\n<p>\t\t\t\t\t\t\t\t\t\t\t\t\t\t\t<img decoding=\"async\" width=\"225\" height=\"225\" src=\"https:\/\/ena-chile.cl\/pc-hadita\/wp-content\/uploads\/sites\/10\/2022\/10\/videologo.jpeg\" alt=\"\" loading=\"lazy\" srcset=\"https:\/\/ena-chile.cl\/pc-hadita\/wp-content\/uploads\/sites\/10\/2022\/10\/videologo.jpeg 225w, https:\/\/ena-chile.cl\/pc-hadita\/wp-content\/uploads\/sites\/10\/2022\/10\/videologo-150x150.jpeg 150w\" sizes=\"auto, (max-width: 225px) 100vw, 225px\" \/>\t\t\t\t\t\t\t\t\t\t\t\t\t\t\t<\/p>\n<p><strong>Asincr\u00f3nico<\/strong><\/p>\n<p>Desaf\u00edo semana 1<\/p>\n<p>\t\t\t<a href=\"https:\/\/ena-chile.cl\/pc-hadita\/wp-content\/uploads\/sites\/10\/2022\/10\/tema-1-PC-haditas.pdf\" target=\"_blank\" rel=\"noopener\"><br \/>\n\t\t\t\t\t\t<\/a><br \/>\n\t\t\t\t\t\t\t\t\t\t\t\t\t\t\t<img decoding=\"async\" src=\"https:\/\/ena-chile.cl\/curso-pre-certificado\/wp-content\/uploads\/sites\/5\/2022\/10\/zoom-1.png\" title=\"\" alt=\"\" \/>\t\t\t\t\t\t\t\t\t\t\t\t\t\t\t<\/p>\n<h6 style=\"text-align: center;\"><strong>\u00a0 \u00a0 \u00a0 \u00a0 \u00a0 \u00a0 Sincr\u00f3nico<\/strong><\/h6>\n<p style=\"text-align: center;\">Fecha:<\/p>\n<p style=\"text-align: center;\"><strong>21\/10\/22<\/strong><\/p>\n<p style=\"text-align: center;\">Hora<\/p>\n<p style=\"text-align: center;\"><strong>20:30<\/strong><\/p>\n<h6 style=\"text-align: center;\"><strong>Tema:\u00a0 1<\/strong><\/h6>\n<h6 style=\"text-align: center;\">\u00a0Organizaci\u00f3n de la Ronda<\/h6>\n<p>\u00a0<\/p>\n<p>\t\t\t\t\t\t\t\t\t\t\t\t\t\t\t<img decoding=\"async\" src=\"https:\/\/ena-chile.cl\/wp-content\/uploads\/2021\/02\/circ-icon-powerpoint-60.png\" title=\"\" alt=\"\" \/>\t\t\t\t\t\t\t\t\t\t\t\t\t\t\t<\/p>\n<p><strong>Asincr\u00f3nico<\/strong><\/p>\n<p>Material de Apoyo tema 1<\/p>\n<p>\t\t\t<a href=\"https:\/\/ena-chile.cl\/pc-hadita\/wp-content\/uploads\/sites\/10\/2022\/10\/tema-1-PC-haditas.pdf\" target=\"_blank\" rel=\"noopener\"><br \/>\n\t\t\t\t\t\t<\/a><br \/>\n\t\t\t\t\t\t\t\t\t\t\t\t\t\t\t<img decoding=\"async\" src=\"https:\/\/ena-chile.cl\/wp-content\/uploads\/2021\/02\/circ-icon-powerpoint-60.png\" title=\"\" alt=\"\" \/>\t\t\t\t\t\t\t\t\t\t\t\t\t\t\t<\/p>\n<p><strong>Asincr\u00f3nico<\/strong><\/p>\n<p>Tema 2<\/p>\n<p>\t\t\t<a href=\"https:\/\/ena-chile.cl\/pc-hadita\/wp-content\/uploads\/sites\/10\/2022\/10\/Tema-2-PC-Haditas.pdf\" target=\"_blank\" rel=\"noopener\"><br \/>\n\t\t\t\t\t\t<\/a><br \/>\n\t\t\t\t\t\t\t\t\t\t\t\t\t\t\t<img decoding=\"async\" src=\"https:\/\/ena-chile.cl\/curso-pre-certificado\/wp-content\/uploads\/sites\/5\/2022\/10\/zoom-1.png\" title=\"\" alt=\"\" \/>\t\t\t\t\t\t\t\t\t\t\t\t\t\t\t<\/p>\n<h6 style=\"text-align: center;\"><strong>\u00a0 \u00a0 \u00a0 \u00a0 \u00a0 \u00a0 Sincr\u00f3nico<\/strong><\/h6>\n<p style=\"text-align: center;\">Fecha:<\/p>\n<p style=\"text-align: center;\"><strong>21\/10\/22<\/strong><\/p>\n<p style=\"text-align: center;\">Hora<\/p>\n<p style=\"text-align: center;\"><strong>20:30<\/strong><\/p>\n<h6 style=\"text-align: center;\"><strong>Tema: \u00a02<\/strong><\/h6>\n<h6 style=\"text-align: center;\">Metodolog\u00eda de la Ronda<\/h6>\n<p>\u00a0<\/p>\n<h2>Actividades semana 2<\/h2>\n<p>\t\t\t\t\t\t\t\t\t\t\t\t\t\t\t<img decoding=\"async\" width=\"225\" height=\"225\" src=\"https:\/\/ena-chile.cl\/pc-hadita\/wp-content\/uploads\/sites\/10\/2022\/10\/videologo.jpeg\" alt=\"\" loading=\"lazy\" srcset=\"https:\/\/ena-chile.cl\/pc-hadita\/wp-content\/uploads\/sites\/10\/2022\/10\/videologo.jpeg 225w, https:\/\/ena-chile.cl\/pc-hadita\/wp-content\/uploads\/sites\/10\/2022\/10\/videologo-150x150.jpeg 150w\" sizes=\"auto, (max-width: 225px) 100vw, 225px\" \/>\t\t\t\t\t\t\t\t\t\t\t\t\t\t\t<\/p>\n<p><strong>Asincr\u00f3nico<\/strong><\/p>\n<p>Desaf\u00edo semana 2<\/p>\n<p>\u00a0<\/p>\n<p>\t\t\t<a href=\"https:\/\/ena-chile.cl\/pc-hadita\/wp-content\/uploads\/sites\/10\/2022\/10\/Tema-3-PC-Haditas.pdf\" target=\"_blank\" rel=\"noopener\"><br \/>\n\t\t\t\t\t\t<\/a><br \/>\n\t\t\t\t\t\t\t\t\t\t\t\t\t\t\t<img decoding=\"async\" src=\"https:\/\/ena-chile.cl\/curso-pre-certificado\/wp-content\/uploads\/sites\/5\/2022\/10\/zoom-1.png\" title=\"\" alt=\"\" \/>\t\t\t\t\t\t\t\t\t\t\t\t\t\t\t<\/p>\n<h6 style=\"text-align: center;\"><strong>\u00a0 \u00a0 \u00a0 \u00a0 \u00a0 \u00a0 Sincr\u00f3nico<\/strong><\/h6>\n<p style=\"text-align: center;\">Fecha:<\/p>\n<p style=\"text-align: center;\"><strong>21\/10\/22<\/strong><\/p>\n<p style=\"text-align: center;\">Hora<\/p>\n<p style=\"text-align: center;\"><strong>20:30<\/strong><\/p>\n<h6 style=\"text-align: center;\"><strong>Tema: \u00a03<\/strong><\/h6>\n<h6 style=\"text-align: center;\">\u00a0Caracter\u00edsticas de la ni\u00f1a en edad de Hadita<\/h6>\n<p>\t\t\t\t\t\t\t\t\t\t\t\t\t\t\t<img decoding=\"async\" src=\"https:\/\/ena-chile.cl\/wp-content\/uploads\/2021\/02\/circ-icon-powerpoint-60.png\" title=\"\" alt=\"\" \/>\t\t\t\t\t\t\t\t\t\t\t\t\t\t\t<\/p>\n<p><strong>Asincr\u00f3nico<\/strong><\/p>\n<p>Material de apoyo<\/p>\n<p>\t\t\t<a href=\"https:\/\/ena-chile.cl\/pc-hadita\/wp-content\/uploads\/sites\/10\/2022\/10\/Tema-4-PC-Haditas.pdf\" target=\"_blank\" rel=\"noopener\"><br \/>\n\t\t\t\t\t\t<\/a><br \/>\n\t\t\t\t\t\t\t\t\t\t\t\t\t\t\t<img decoding=\"async\" src=\"https:\/\/ena-chile.cl\/wp-content\/uploads\/2021\/02\/circ-icon-powerpoint-60.png\" title=\"\" alt=\"\" \/>\t\t\t\t\t\t\t\t\t\t\t\t\t\t\t<\/p>\n<p><strong>Asincr\u00f3nico<\/strong><\/p>\n<p>Tema 4<\/p>\n<p>\t\t\t<a href=\"https:\/\/ena-chile.cl\/pc-hadita\/wp-content\/uploads\/sites\/10\/2022\/10\/Tema-4-PC-Haditas.pdf\" target=\"_blank\" rel=\"noopener\"><br \/>\n\t\t\t\t\t\t<\/a><br \/>\n\t\t\t\t\t\t\t\t\t\t\t\t\t\t\t<img decoding=\"async\" src=\"https:\/\/ena-chile.cl\/curso-pre-certificado\/wp-content\/uploads\/sites\/5\/2022\/10\/zoom-1.png\" title=\"\" alt=\"\" \/>\t\t\t\t\t\t\t\t\t\t\t\t\t\t\t<\/p>\n<h6 style=\"text-align: center;\"><strong>\u00a0 \u00a0 \u00a0 \u00a0 \u00a0 \u00a0 Sincr\u00f3nico<\/strong><\/h6>\n<p style=\"text-align: center;\">Fecha:<\/p>\n<p style=\"text-align: center;\"><strong>21\/10\/22<\/strong><\/p>\n<p style=\"text-align: center;\">Hora<\/p>\n<p style=\"text-align: center;\"><strong>20:30<\/strong><\/p>\n<h6 style=\"text-align: center;\"><strong>Tema: \u00a04<\/strong><\/h6>\n<h6 style=\"text-align: center;\">\u00a0Caracter\u00edsticas de la Guiadora de Ronda y su trabajo en Equipo<\/h6>\n<h2>Actividades semana 3<\/h2>\n<p>\t\t\t\t\t\t\t\t\t\t\t\t\t\t\t<img decoding=\"async\" width=\"225\" height=\"225\" src=\"https:\/\/ena-chile.cl\/pc-hadita\/wp-content\/uploads\/sites\/10\/2022\/10\/videologo.jpeg\" alt=\"\" loading=\"lazy\" srcset=\"https:\/\/ena-chile.cl\/pc-hadita\/wp-content\/uploads\/sites\/10\/2022\/10\/videologo.jpeg 225w, https:\/\/ena-chile.cl\/pc-hadita\/wp-content\/uploads\/sites\/10\/2022\/10\/videologo-150x150.jpeg 150w\" sizes=\"auto, (max-width: 225px) 100vw, 225px\" \/>\t\t\t\t\t\t\t\t\t\t\t\t\t\t\t<\/p>\n<p><strong>Asincr\u00f3nico<\/strong><\/p>\n<p>Tema 5<\/p>\n<p>\t\t\t<a href=\"https:\/\/ena-chile.cl\/pc-hadita\/wp-content\/uploads\/sites\/10\/2022\/10\/Tema-5-PC-Haditas.pdf\" target=\"_blank\" rel=\"noopener\"><br \/>\n\t\t\t\t\t\t<\/a><br \/>\n\t\t\t\t\t\t\t\t\t\t\t\t\t\t\t<img decoding=\"async\" src=\"https:\/\/ena-chile.cl\/curso-pre-certificado\/wp-content\/uploads\/sites\/5\/2022\/10\/zoom-1.png\" title=\"\" alt=\"\" \/>\t\t\t\t\t\t\t\t\t\t\t\t\t\t\t<\/p>\n<h6 style=\"text-align: center;\"><strong>\u00a0 \u00a0 \u00a0 \u00a0 \u00a0 \u00a0 Sincr\u00f3nico<\/strong><\/h6>\n<p style=\"text-align: center;\">Fecha:<\/p>\n<p style=\"text-align: center;\"><strong>21\/10\/22<\/strong><\/p>\n<p style=\"text-align: center;\">Hora<\/p>\n<p style=\"text-align: center;\"><strong>20:30<\/strong><\/p>\n<h6 style=\"text-align: center;\"><strong>Tema: \u00a05<\/strong><\/h6>\n<h6 style=\"text-align: center;\">El Plan de Adelanto<\/h6>\n<p>\t\t\t\t\t\t\t\t\t\t\t\t\t\t\t<img decoding=\"async\" src=\"https:\/\/ena-chile.cl\/wp-content\/uploads\/2021\/02\/circ-icon-powerpoint-60.png\" title=\"\" alt=\"\" \/>\t\t\t\t\t\t\t\t\t\t\t\t\t\t\t<\/p>\n<p><strong>Asincr\u00f3nico<\/strong><\/p>\n<p>Tema 6<\/p>\n<p>\u00a0<\/p>\n<p>\t\t\t<a href=\"https:\/\/ena-chile.cl\/pc-hadita\/wp-content\/uploads\/sites\/10\/2022\/10\/Tema-6-PC-Haditas.pdf\" target=\"_blank\" rel=\"noopener\"><br \/>\n\t\t\t\t\t\t<\/a><br \/>\n\t\t\t\t\t\t\t\t\t\t\t\t\t\t\t<img decoding=\"async\" src=\"https:\/\/ena-chile.cl\/curso-pre-certificado\/wp-content\/uploads\/sites\/5\/2022\/10\/zoom-1.png\" title=\"\" alt=\"\" \/>\t\t\t\t\t\t\t\t\t\t\t\t\t\t\t<\/p>\n<h6 style=\"text-align: center;\"><strong>\u00a0 \u00a0 \u00a0 \u00a0 \u00a0 \u00a0 Sincr\u00f3nico<\/strong><\/h6>\n<p style=\"text-align: center;\">Fecha:<\/p>\n<p style=\"text-align: center;\"><strong>21\/10\/22<\/strong><\/p>\n<p style=\"text-align: center;\">Hora<\/p>\n<p style=\"text-align: center;\"><strong>20:30<\/strong><\/p>\n<h6 style=\"text-align: center;\"><strong>Tema: \u00a06<\/strong><\/h6>\n<h6 style=\"text-align: center;\">Programa de La Ronda<\/h6>\n","protected":false},"excerpt":{"rendered":"<p>Gu\u00eda para Cursantes Esta Gu\u00eda le ayudar\u00e1 en cuanto al acceso de los contenidos de cada tema. 1.Encontrar\u00e1 Temas Sincr\u00f3nicos, los cuales requieren que usted acceda a las horas y fechas indicadas (todos a la vez, a la misma hora), en la programaci\u00f3n del Curso. Definici\u00f3nSincr\u00f3nico: Temas que suceden al mismo tiempo, los participantes recibir\u00e1n [&hellip;]<\/p>\n","protected":false},"author":6,"featured_media":0,"parent":0,"menu_order":0,"comment_status":"closed","ping_status":"closed","template":"","meta":{"footnotes":""},"class_list":["post-7","page","type-page","status-publish","hentry"],"_links":{"self":[{"href":"https:\/\/ena-chile.cl\/pc-hadita\/wp-json\/wp\/v2\/pages\/7","targetHints":{"allow":["GET"]}}],"collection":[{"href":"https:\/\/ena-chile.cl\/pc-hadita\/wp-json\/wp\/v2\/pages"}],"about":[{"href":"https:\/\/ena-chile.cl\/pc-hadita\/wp-json\/wp\/v2\/types\/page"}],"author":[{"embeddable":true,"href":"https:\/\/ena-chile.cl\/pc-hadita\/wp-json\/wp\/v2\/users\/6"}],"replies":[{"embeddable":true,"href":"https:\/\/ena-chile.cl\/pc-hadita\/wp-json\/wp\/v2\/comments?post=7"}],"version-history":[{"count":80,"href":"https:\/\/ena-chile.cl\/pc-hadita\/wp-json\/wp\/v2\/pages\/7\/revisions"}],"predecessor-version":[{"id":124,"href":"https:\/\/ena-chile.cl\/pc-hadita\/wp-json\/wp\/v2\/pages\/7\/revisions\/124"}],"wp:attachment":[{"href":"https:\/\/ena-chile.cl\/pc-hadita\/wp-json\/wp\/v2\/media?parent=7"}],"curies":[{"name":"wp","href":"https:\/\/api.w.org\/{rel}","templated":true}]}}